{"id":44,"date":"2015-04-30T16:15:30","date_gmt":"2015-04-30T14:15:30","guid":{"rendered":"http:\/\/schlachthaus.schmissberg.de\/?page_id=44"},"modified":"2025-09-11T16:26:45","modified_gmt":"2025-09-11T14:26:45","slug":"zur-miete","status":"publish","type":"page","link":"https:\/\/schlachthaus.schmissberg.de\/index.php\/zur-miete\/","title":{"rendered":"Zur Miete"},"content":{"rendered":"\n<p class=\"has-white-color has-text-color\">Gerne k\u00f6nnen Sie das Schlachthaus neben den regul\u00e4ren \u00d6ffnungszeiten auch mieten, beispielsweise f\u00fcr Ihren Geburtstag. Das Schlachthaus hat Platz f\u00fcr rund 30 Personen. Neben einer Theke besitzt das Haus eine vollausgestattete K\u00fcche sowie einen stilvollen WC-Bereich. Bei sch\u00f6nem Wetter steht auch einer Partie Boule auf dem hauseigenen Bouleplatz nichts entgegen. <strong>Mietanfragen richten Sie gerne an info@schmissberg.de<\/strong>.<\/p>\n\n\n\n<p><\/p>\n\n\n\n<figure class=\"wp-block-gallery has-nested-images columns-3 is-cropped wp-block-gallery-1 is-layout-flex wp-block-gallery-is-layout-flex\">\n<figure class=\"wp-block-image size-large\"><img loading=\"lazy\" decoding=\"async\" width=\"700\" height=\"467\" data-id=\"66\" src=\"https:\/\/schlachthaus.schmissberg.de\/wp-content\/uploads\/2015\/04\/IMG_7380-700x467.jpg\" alt=\"Zur Miete: Das Schlachthaus in der Dorfmitte von Schmi\u00dfberg\" class=\"wp-image-66\" srcset=\"https:\/\/schlachthaus.schmissberg.de\/wp-content\/uploads\/2015\/04\/IMG_7380-700x467.jpg 700w, https:\/\/schlachthaus.schmissberg.de\/wp-content\/uploads\/2015\/04\/IMG_7380-250x167.jpg 250w\" sizes=\"auto, (max-width: 700px) 100vw, 700px\" \/><\/figure>\n\n\n\n<figure class=\"wp-block-image size-large\"><img loading=\"lazy\" decoding=\"async\" width=\"700\" height=\"467\" data-id=\"65\" src=\"https:\/\/schlachthaus.schmissberg.de\/wp-content\/uploads\/2015\/06\/IMG_7387-700x467.jpg\" alt=\"Zur Miete: Das Schlachthaus in der Dorfmitte von Schmi\u00dfberg\" class=\"wp-image-65\" srcset=\"https:\/\/schlachthaus.schmissberg.de\/wp-content\/uploads\/2015\/06\/IMG_7387-700x467.jpg 700w, https:\/\/schlachthaus.schmissberg.de\/wp-content\/uploads\/2015\/06\/IMG_7387-250x167.jpg 250w\" sizes=\"auto, (max-width: 700px) 100vw, 700px\" \/><\/figure>\n\n\n\n<figure class=\"wp-block-image size-large\"><img loading=\"lazy\" decoding=\"async\" width=\"700\" height=\"467\" data-id=\"63\" src=\"https:\/\/schlachthaus.schmissberg.de\/wp-content\/uploads\/2015\/06\/IMG_7384-700x467.jpg\" alt=\"Zur Miete: Das Schlachthaus in der Dorfmitte von Schmi\u00dfberg\" class=\"wp-image-63\" srcset=\"https:\/\/schlachthaus.schmissberg.de\/wp-content\/uploads\/2015\/06\/IMG_7384-700x467.jpg 700w, https:\/\/schlachthaus.schmissberg.de\/wp-content\/uploads\/2015\/06\/IMG_7384-250x167.jpg 250w\" sizes=\"auto, (max-width: 700px) 100vw, 700px\" \/><\/figure>\n\n\n\n<figure class=\"wp-block-image size-large\"><img loading=\"lazy\" decoding=\"async\" width=\"700\" height=\"467\" data-id=\"62\" src=\"https:\/\/schlachthaus.schmissberg.de\/wp-content\/uploads\/2015\/06\/IMG_7381-700x467.jpg\" alt=\"Zur Miete: Das Schlachthaus in der Dorfmitte von Schmi\u00dfberg\" class=\"wp-image-62\" srcset=\"https:\/\/schlachthaus.schmissberg.de\/wp-content\/uploads\/2015\/06\/IMG_7381-700x467.jpg 700w, https:\/\/schlachthaus.schmissberg.de\/wp-content\/uploads\/2015\/06\/IMG_7381-250x167.jpg 250w\" sizes=\"auto, (max-width: 700px) 100vw, 700px\" \/><\/figure>\n\n\n\n<figure class=\"wp-block-image size-large\"><img loading=\"lazy\" decoding=\"async\" width=\"700\" height=\"467\" data-id=\"61\" src=\"https:\/\/schlachthaus.schmissberg.de\/wp-content\/uploads\/2015\/06\/IMG_7379-700x467.jpg\" alt=\"Zur Miete: Das Schlachthaus in der Dorfmitte von Schmi\u00dfberg\" class=\"wp-image-61\" srcset=\"https:\/\/schlachthaus.schmissberg.de\/wp-content\/uploads\/2015\/06\/IMG_7379-700x467.jpg 700w, https:\/\/schlachthaus.schmissberg.de\/wp-content\/uploads\/2015\/06\/IMG_7379-250x167.jpg 250w\" sizes=\"auto, (max-width: 700px) 100vw, 700px\" \/><\/figure>\n\n\n\n<figure class=\"wp-block-image size-large\"><img loading=\"lazy\" decoding=\"async\" width=\"700\" height=\"467\" data-id=\"59\" src=\"https:\/\/schlachthaus.schmissberg.de\/wp-content\/uploads\/2015\/06\/IMG_7375-700x467.jpg\" alt=\"Zur Miete: Das Schlachthaus in der Dorfmitte von Schmi\u00dfberg\" class=\"wp-image-59\" srcset=\"https:\/\/schlachthaus.schmissberg.de\/wp-content\/uploads\/2015\/06\/IMG_7375-700x467.jpg 700w, https:\/\/schlachthaus.schmissberg.de\/wp-content\/uploads\/2015\/06\/IMG_7375-250x167.jpg 250w\" sizes=\"auto, (max-width: 700px) 100vw, 700px\" \/><\/figure>\n\n\n\n<figure class=\"wp-block-image size-large\"><img loading=\"lazy\" decoding=\"async\" width=\"700\" height=\"467\" data-id=\"58\" src=\"https:\/\/schlachthaus.schmissberg.de\/wp-content\/uploads\/2015\/06\/IMG_7371-700x467.jpg\" alt=\"Zur Miete: Das Schlachthaus in der Dorfmitte von Schmi\u00dfberg\" class=\"wp-image-58\" srcset=\"https:\/\/schlachthaus.schmissberg.de\/wp-content\/uploads\/2015\/06\/IMG_7371-700x467.jpg 700w, https:\/\/schlachthaus.schmissberg.de\/wp-content\/uploads\/2015\/06\/IMG_7371-250x167.jpg 250w\" sizes=\"auto, (max-width: 700px) 100vw, 700px\" \/><\/figure>\n\n\n\n<figure class=\"wp-block-image size-large\"><img loading=\"lazy\" decoding=\"async\" width=\"700\" height=\"467\" data-id=\"55\" src=\"https:\/\/schlachthaus.schmissberg.de\/wp-content\/uploads\/2015\/06\/Schlachthaus-Innen-700x467.jpg\" alt=\"Zur Miete: Das Schlachthaus in der Dorfmitte von Schmi\u00dfberg\" class=\"wp-image-55\" srcset=\"https:\/\/schlachthaus.schmissberg.de\/wp-content\/uploads\/2015\/06\/Schlachthaus-Innen-700x467.jpg 700w, https:\/\/schlachthaus.schmissberg.de\/wp-content\/uploads\/2015\/06\/Schlachthaus-Innen-250x167.jpg 250w\" sizes=\"auto, (max-width: 700px) 100vw, 700px\" \/><\/figure>\n<\/figure>\n","protected":false},"excerpt":{"rendered":"<p>Gerne k\u00f6nnen Sie das Schlachthaus neben den regul\u00e4ren \u00d6ffnungszeiten auch mieten, beispielsweise f\u00fcr Ihren Geburtstag. Das Schlachthaus hat Platz f\u00fcr rund 30 Personen. Neben einer Theke besitzt das Haus eine vollausgestattete K\u00fcche sowie einen stilvollen WC-Bereich. Bei sch\u00f6nem Wetter steht auch einer Partie Boule auf dem hauseigenen Bouleplatz nichts entgegen. Mietanfragen richten Sie gerne an [&hellip;]<\/p>\n","protected":false},"author":1,"featured_media":0,"parent":0,"menu_order":0,"comment_status":"closed","ping_status":"closed","template":"page-full-width.php","meta":{"jetpack_post_was_ever_published":false,"footnotes":""},"class_list":["post-44","page","type-page","status-publish","hentry"],"jetpack_sharing_enabled":true,"jetpack_shortlink":"https:\/\/wp.me\/P6m21z-I","_links":{"self":[{"href":"https:\/\/schlachthaus.schmissberg.de\/index.php\/wp-json\/wp\/v2\/pages\/44","targetHints":{"allow":["GET"]}}],"collection":[{"href":"https:\/\/schlachthaus.schmissberg.de\/index.php\/wp-json\/wp\/v2\/pages"}],"about":[{"href":"https:\/\/schlachthaus.schmissberg.de\/index.php\/wp-json\/wp\/v2\/types\/page"}],"author":[{"embeddable":true,"href":"https:\/\/schlachthaus.schmissberg.de\/index.php\/wp-json\/wp\/v2\/users\/1"}],"replies":[{"embeddable":true,"href":"https:\/\/schlachthaus.schmissberg.de\/index.php\/wp-json\/wp\/v2\/comments?post=44"}],"version-history":[{"count":31,"href":"https:\/\/schlachthaus.schmissberg.de\/index.php\/wp-json\/wp\/v2\/pages\/44\/revisions"}],"predecessor-version":[{"id":241,"href":"https:\/\/schlachthaus.schmissberg.de\/index.php\/wp-json\/wp\/v2\/pages\/44\/revisions\/241"}],"wp:attachment":[{"href":"https:\/\/schlachthaus.schmissberg.de\/index.php\/wp-json\/wp\/v2\/media?parent=44"}],"curies":[{"name":"wp","href":"https:\/\/api.w.org\/{rel}","templated":true}]}}