{"id":91,"date":"2015-06-14T16:18:49","date_gmt":"2015-06-14T14:18:49","guid":{"rendered":"http:\/\/schlachthaus.schmissberg.de\/?page_id=91"},"modified":"2017-05-28T09:43:28","modified_gmt":"2017-05-28T07:43:28","slug":"oeffnungszeiten","status":"publish","type":"page","link":"https:\/\/schlachthaus.schmissberg.de\/index.php\/oeffnungszeiten\/","title":{"rendered":"\u00d6ffnungszeiten"},"content":{"rendered":"\n<table id=\"tablepress-1\" class=\"tablepress tablepress-id-1\">\n<tbody>\n<tr class=\"row-1\">\n\t<td class=\"column-1\"><img loading=\"lazy\" decoding=\"async\" src=\"https:\/\/schlachthaus.schmissberg.de\/wp-content\/uploads\/2015\/06\/BIer-e1434291997340.png\" alt=\"BIer\" width=\"220\" height=\"124\" class=\"alignnone size-full wp-image-98\" \/><\/td><td class=\"column-2\"><x><h3>Der Freitag<\/h3><br \/>\nDer perfekte Start ins Wochenende beginnt freitags im Schlachthaus. Mit einem k\u00fchlen Bier schlie\u00dfen Sie hier in gem\u00fctlichem Ambiente Ihre Woche ab. Los gehts um 19:30 Uhr. Freitags gilt in der Regel Open-End!<\/x><\/td>\n<\/tr>\n<tr class=\"row-2\">\n\t<td class=\"column-1\"><img loading=\"lazy\" decoding=\"async\" src=\"https:\/\/schlachthaus.schmissberg.de\/wp-content\/uploads\/2015\/06\/BIer-e1434291997340.png\" alt=\"BIer\" width=\"220\" height=\"124\" class=\"alignnone size-full wp-image-98\" \/><\/td><td class=\"column-2\"><x><h3>Der Samstag<\/h3><br \/>\nSie haben ihren Rasen gem\u00e4ht, den Gartenzaun gestrichen und die Stra\u00dfenrinne sauber gekehrt und jetzt Durst auf ein k\u00fchles Pils? Dann ist die \"After-Work-Party\" im Schlachthaus genau das richtige f\u00fcr Sie. Los gehts ab 18 Uhr.<\/x><\/td>\n<\/tr>\n<tr class=\"row-3\">\n\t<td class=\"column-1\"><img loading=\"lazy\" decoding=\"async\" src=\"https:\/\/schlachthaus.schmissberg.de\/wp-content\/uploads\/2015\/06\/BIer-e1434291997340.png\" alt=\"BIer\" width=\"220\" height=\"124\" class=\"alignnone size-full wp-image-98\" \/><\/td><td class=\"column-2\"><x><h3>Der Sonntag<\/h3><br \/>\nDerzeit findet auch der Fr\u00fchshoppen im Schlachthaus statt. Er beginnt um 10 Uhr. Ebenso hat das Schlachthaus am Sonntagabend ab 19 Uhr ge\u00f6ffnet.<\/x><\/td>\n<\/tr>\n<\/tbody>\n<\/table>\n<!-- #tablepress-1 from cache -->\n","protected":false},"excerpt":{"rendered":"","protected":false},"author":1,"featured_media":0,"parent":0,"menu_order":0,"comment_status":"closed","ping_status":"closed","template":"page-full-width.php","meta":{"jetpack_post_was_ever_published":false,"footnotes":""},"class_list":["post-91","page","type-page","status-publish","hentry"],"jetpack_sharing_enabled":true,"jetpack_shortlink":"https:\/\/wp.me\/P6m21z-1t","_links":{"self":[{"href":"https:\/\/schlachthaus.schmissberg.de\/index.php\/wp-json\/wp\/v2\/pages\/91","targetHints":{"allow":["GET"]}}],"collection":[{"href":"https:\/\/schlachthaus.schmissberg.de\/index.php\/wp-json\/wp\/v2\/pages"}],"about":[{"href":"https:\/\/schlachthaus.schmissberg.de\/index.php\/wp-json\/wp\/v2\/types\/page"}],"author":[{"embeddable":true,"href":"https:\/\/schlachthaus.schmissberg.de\/index.php\/wp-json\/wp\/v2\/users\/1"}],"replies":[{"embeddable":true,"href":"https:\/\/schlachthaus.schmissberg.de\/index.php\/wp-json\/wp\/v2\/comments?post=91"}],"version-history":[{"count":4,"href":"https:\/\/schlachthaus.schmissberg.de\/index.php\/wp-json\/wp\/v2\/pages\/91\/revisions"}],"predecessor-version":[{"id":181,"href":"https:\/\/schlachthaus.schmissberg.de\/index.php\/wp-json\/wp\/v2\/pages\/91\/revisions\/181"}],"wp:attachment":[{"href":"https:\/\/schlachthaus.schmissberg.de\/index.php\/wp-json\/wp\/v2\/media?parent=91"}],"curies":[{"name":"wp","href":"https:\/\/api.w.org\/{rel}","templated":true}]}}